{"id":23,"date":"2015-11-30T17:22:25","date_gmt":"2015-11-30T17:22:25","guid":{"rendered":"http:\/\/cinecyclo.com\/leblog\/?page_id=23"},"modified":"2015-12-06T22:01:38","modified_gmt":"2015-12-06T22:01:38","slug":"soutiens","status":"publish","type":"page","link":"https:\/\/cinecyclo.com\/leblog\/soutiens\/","title":{"rendered":"Soutiens"},"content":{"rendered":"<p style=\"text-align: center;\"><b>Nos sponsors officiels<\/b><\/p>\n<p style=\"text-align: center;\"><a href=\"http:\/\/www.benq.com\/\" target=\"_blank\"><img loading=\"lazy\" decoding=\"async\" class=\"alignnone size-full wp-image-24\" src=\"https:\/\/i1.wp.com\/cinecyclo.com\/leblog\/wp-content\/uploads\/2015\/11\/image3.jpeg?resize=97%2C70\" alt=\"image\" data-recalc-dims=\"1\" \/><\/a><a href=\"https:\/\/www.planethoster.net\/fr\/\" target=\"_blank\"><img loading=\"lazy\" decoding=\"async\" class=\"alignnone size-full wp-image-25\" src=\"https:\/\/i1.wp.com\/cinecyclo.com\/leblog\/wp-content\/uploads\/2015\/11\/image5.jpeg?resize=187%2C70\" alt=\"image\" data-recalc-dims=\"1\" \/><\/a><\/p>\n<hr \/>\n<p style=\"text-align: center;\"><b>Nos partenaires officiels<\/b><\/p>\n<p style=\"text-align: center;\"><a href=\"http:\/\/www.bourgognefranchecomte2016.fr\/\" target=\"_blank\"><img loading=\"lazy\" decoding=\"async\" class=\"alignnone wp-image-42 size-full\" src=\"https:\/\/i1.wp.com\/cinecyclo.com\/leblog\/wp-content\/uploads\/2015\/11\/image21-e1448902686297.jpeg?resize=220%2C70\" alt=\"image\" data-recalc-dims=\"1\" \/><\/a>\u00a0<a href=\"http:\/\/www.ambafrance-sn.org\/\" target=\"_blank\"><img loading=\"lazy\" decoding=\"async\" class=\"alignnone size-full wp-image-27\" src=\"https:\/\/i0.wp.com\/cinecyclo.com\/leblog\/wp-content\/uploads\/2015\/11\/image7.jpeg?resize=106%2C70\" alt=\"image\" data-recalc-dims=\"1\" \/><\/a>\u00a0<a href=\"http:\/\/www.mairie-savignylesbeaune.fr\/\" target=\"_blank\"><img loading=\"lazy\" decoding=\"async\" class=\"alignnone size-full wp-image-30\" src=\"https:\/\/i1.wp.com\/cinecyclo.com\/leblog\/wp-content\/uploads\/2015\/11\/image10.jpeg?resize=106%2C70\" alt=\"image\" data-recalc-dims=\"1\" \/><\/a><a href=\"http:\/\/culturadakar.es\/\" target=\"_blank\"><img loading=\"lazy\" decoding=\"async\" class=\"alignnone size-full wp-image-28\" src=\"https:\/\/i1.wp.com\/cinecyclo.com\/leblog\/wp-content\/uploads\/2015\/11\/image8.jpeg?resize=82%2C70\" alt=\"image\" data-recalc-dims=\"1\" \/><\/a><a href=\"https:\/\/i0.wp.com\/cinecyclo.com\/leblog\/wp-content\/uploads\/2015\/11\/image9.jpeg\"><img loading=\"lazy\" decoding=\"async\" class=\"alignnone size-full wp-image-29\" src=\"https:\/\/i0.wp.com\/cinecyclo.com\/leblog\/wp-content\/uploads\/2015\/11\/image9.jpeg?resize=195%2C70\" alt=\"image\" data-recalc-dims=\"1\" \/><\/a><\/p>\n<hr \/>\n<p style=\"text-align: center;\"><b>Laur\u00e9at des bourses<\/b><\/p>\n<p style=\"text-align: center;\"><a href=\"http:\/\/www.la-guilde.org\/\" target=\"_blank\"><img loading=\"lazy\" decoding=\"async\" class=\"alignnone wp-image-53\" src=\"https:\/\/i0.wp.com\/cinecyclo.com\/leblog\/wp-content\/uploads\/2015\/11\/image24.jpeg?resize=69%2C70\" alt=\"image\" srcset=\"https:\/\/cinecyclo.com\/leblog\/wp-content\/uploads\/2015\/11\/image24.jpeg 267w, https:\/\/cinecyclo.com\/leblog\/wp-content\/uploads\/2015\/11\/image24-150x150.jpeg 150w\" sizes=\"auto, (max-width: 69px) 100vw, 69px\" data-recalc-dims=\"1\" \/><\/a>\u00a0<a href=\"http:\/\/www.jplabalette.com\/\" target=\"_blank\"><img loading=\"lazy\" decoding=\"async\" class=\"alignnone size-full wp-image-41\" src=\"https:\/\/i1.wp.com\/cinecyclo.com\/leblog\/wp-content\/uploads\/2015\/11\/image20-e1448902673906.jpeg?resize=108%2C70\" alt=\"image\" data-recalc-dims=\"1\" \/><br \/>\n<\/a><a href=\"http:\/\/www.avi-international.com\/\" target=\"_blank\"><img loading=\"lazy\" decoding=\"async\" class=\"alignnone wp-image-43 size-full\" src=\"https:\/\/i1.wp.com\/cinecyclo.com\/leblog\/wp-content\/uploads\/2015\/11\/image22-e1448902887268.jpeg?resize=162%2C70\" alt=\"image\" data-recalc-dims=\"1\" \/><br \/>\n<\/a><a href=\"http:\/\/www.cyclable.com\/\" target=\"_blank\"><img loading=\"lazy\" decoding=\"async\" class=\"alignnone size-full wp-image-31\" src=\"https:\/\/i2.wp.com\/cinecyclo.com\/leblog\/wp-content\/uploads\/2015\/11\/image11.jpeg?resize=141%2C70\" alt=\"image\" data-recalc-dims=\"1\" \/><\/a><\/p>\n<hr \/>\n<p style=\"text-align: center;\"><b>Nos autres sponsors<\/b><\/p>\n<p style=\"text-align: center;\"><a href=\"http:\/\/www.ludikenergie.fr\/\" target=\"_blank\"><img loading=\"lazy\" decoding=\"async\" class=\"alignnone wp-image-39 size-full\" src=\"https:\/\/i0.wp.com\/cinecyclo.com\/leblog\/wp-content\/uploads\/2015\/11\/image19-e1448902644827.jpeg?resize=160%2C70\" alt=\"image\" data-recalc-dims=\"1\" \/><\/a>\u00a0<a href=\"http:\/\/www.labecaneajules.fr\" target=\"_blank\"><img loading=\"lazy\" decoding=\"async\" class=\"alignnone size-full wp-image-36\" src=\"https:\/\/i1.wp.com\/cinecyclo.com\/leblog\/wp-content\/uploads\/2015\/11\/image16.jpeg?resize=128%2C70\" alt=\"image\" data-recalc-dims=\"1\" \/><\/a>\u00a0<a href=\"http:\/\/www.brooksengland.com\" target=\"_blank\"><img loading=\"lazy\" decoding=\"async\" class=\"alignnone size-full wp-image-38\" src=\"https:\/\/i0.wp.com\/cinecyclo.com\/leblog\/wp-content\/uploads\/2015\/11\/image18.jpeg?resize=160%2C46\" alt=\"image\" data-recalc-dims=\"1\" \/><\/a>\u00a0<a href=\"http:\/\/hennessyhammock.com\" target=\"_blank\"><img loading=\"lazy\" decoding=\"async\" class=\"alignnone size-full wp-image-37\" src=\"https:\/\/i2.wp.com\/cinecyclo.com\/leblog\/wp-content\/uploads\/2015\/11\/image17.jpeg?resize=125%2C70\" alt=\"image\" data-recalc-dims=\"1\" \/><\/a>\u00a0<a href=\"http:\/\/www.schwalbe.com\/fr\/\" target=\"_blank\"><img loading=\"lazy\" decoding=\"async\" class=\"alignnone size-full wp-image-32\" src=\"https:\/\/i2.wp.com\/cinecyclo.com\/leblog\/wp-content\/uploads\/2015\/11\/image12.jpeg?resize=147%2C70\" alt=\"image\" data-recalc-dims=\"1\" \/><\/a>\u00a0<a href=\"http:\/\/www.vaude.com\/fr-FR\/\" target=\"_blank\"><img loading=\"lazy\" decoding=\"async\" class=\"alignnone size-full wp-image-33\" src=\"https:\/\/i2.wp.com\/cinecyclo.com\/leblog\/wp-content\/uploads\/2015\/11\/image13.jpeg?resize=175%2C70\" alt=\"image\" data-recalc-dims=\"1\" \/><\/a>\u00a0<a href=\"http:\/\/www.expemag.com\/index.php?Itemid=145&amp;option=com_virtuemart&amp;view=virtuemart&amp;productsublayout=0\" target=\"_blank\"><img loading=\"lazy\" decoding=\"async\" class=\"alignnone size-full wp-image-35\" src=\"https:\/\/i2.wp.com\/cinecyclo.com\/leblog\/wp-content\/uploads\/2015\/11\/image15.jpeg?resize=149%2C70\" alt=\"image\" data-recalc-dims=\"1\" \/><\/a><\/p>\n<hr \/>\n<p style=\"text-align: center;\"><b>Nos partenaires techniques<\/b><\/p>\n<p style=\"text-align: center;\"><a href=\"http:\/\/www.electricpedals.com\" target=\"_blank\"><img loading=\"lazy\" decoding=\"async\" class=\"alignnone size-full wp-image-34\" src=\"https:\/\/i1.wp.com\/cinecyclo.com\/leblog\/wp-content\/uploads\/2015\/11\/image14.jpeg?resize=138%2C70\" alt=\"image\" data-recalc-dims=\"1\" \/><\/a>\u00a0<a href=\"http:\/\/www.douze-cycles.com\/\" target=\"_blank\"><img loading=\"lazy\" decoding=\"async\" class=\"alignnone size-full wp-image-26\" src=\"https:\/\/i2.wp.com\/cinecyclo.com\/leblog\/wp-content\/uploads\/2015\/11\/image6.jpeg?resize=72%2C70\" alt=\"image\" data-recalc-dims=\"1\" \/><\/a><\/p>\n<hr \/>\n<p style=\"text-align: center;\"><b>Ils nous soutiennent<\/b><\/p>\n<p><a href=\"https:\/\/i2.wp.com\/cinecyclo.com\/leblog\/wp-content\/uploads\/2015\/11\/image23.jpeg\"><img loading=\"lazy\" decoding=\"async\" class=\"alignnone wp-image-47 size-full aligncenter\" src=\"https:\/\/i2.wp.com\/cinecyclo.com\/leblog\/wp-content\/uploads\/2015\/11\/image23.jpeg?resize=640%2C142\" alt=\"image\" srcset=\"https:\/\/cinecyclo.com\/leblog\/wp-content\/uploads\/2015\/11\/image23.jpeg 640w, https:\/\/cinecyclo.com\/leblog\/wp-content\/uploads\/2015\/11\/image23-300x67.jpeg 300w\" sizes=\"auto, (max-width: 640px) 100vw, 640px\" data-recalc-dims=\"1\" \/><\/a><\/p>\n<hr \/>\n<p style=\"text-align: center;\"><b>Nos aimables contributeurs<\/b><\/p>\n<p style=\"text-align: center;\">Achard Dominique \u2013 Audry Daniel \u2013 Anthony Rodale &#8211; Bachasson G\u00e9rard \u2013 Bachelet Hugo \u2013 Barais Odette \u2013 Battas Anick \u2013 B\u00e9gin Simon &#8211; Bellynck Lise &#8211; Benoit Catherine &#8211; Berger Louise \u2013 Bernard Olivier-Jacques \u2013 Biscara Fran\u00e7oise \u2013 Blanchet Guillaume \u2013 Blondin Suzy \u2013 Boisson Patrick &#8211; Bossut Claudine \u2013 Bouchard Jacqueline \u2013 Branche Catherine \u2013 Campagnola Annie \u2013 Cantin Nicole &#8211; Ceyrat Julien &#8211; Charlet \u2013 Charpentier C\u00e9cile \u2013 Chastagnol Cl\u00e9ment \u2013 Chaudon Viviane \u2013 Chemin Pascal \u2013 Coelho Andr\u00e9 \u2013 Cogitore Baptiste &#8211; Comte-Vallat Martine et Yves \u2013 Cont\u00e9 Guilloux Genevi\u00e8ve \u2013 Cutaia Caroline \u2013 David Simon \u2013 David Victor \u2013 Delaforge Agn\u00e8s \u2013 Desroches Lucile \u2013 Desroches Anabelle \u2013 Desroches Pascal \u2013 Dion Emeline \u2013 Doremus Marie-Annick \u2013 Dor\u00e9mus Benoit \u2013 Dor\u00e9mus Audrey et Xavier \u2013 Doret Fr\u00e9d\u00e9ric \u2013 Dunoyer de Segonzac Patrice \u2013 Fall Jean &#8211; Florent H\u00e9l\u00e8ne \u2013 Fresnet Julia \u2013 Frund Claude Alain &#8211; Forfert Marie-Claude \u2013 Fortunato Alice &#8211; Fournier Aline \u2013 Freychet Val\u00e9rie \u2013 Frund Claude-Alain &#8211; Gainet Isabelle \u2013 Galvagno Fabrizia &#8211; Garcia Mathieu \u2013 Garrec Bertrand \u2013 Gilles Chlo\u00e9 \u2013 Giraud Henri \u2013 Godret S\u00e9bastien &#8211; Grussi Christian &#8211; Guibbani Carine \u2013 Guignard Philippe \u2013 Guyet Samy &#8211; Hanrion Lisette \u2013 Henryon R\u00e9gine et Fran\u00e7ois \u2013 Hodgson Richard \u2013 Kahn Colette \u2013 Khorram Camille \u2013 Laberge Brigitte \u2013 Labroue Julie \u2013 Lafranceschina Jean \u2013 Lagut Amandine- Laisne Fran\u00e7oise \u2013 Lalau Nicolas &#8211; Lanaud Marie \u2013 Landry-Belleau Jeanne &#8211; Lang Ralf &#8211; Lang Rapha\u00ebl \u2013\u2013 Lauer Jean-Pierre \u2013 Le Bayon Jean-Christophe \u2013 Le Goff Mich\u00e8le \u2013 Lemaire Marie-Laure &#8211; Le Moan Amandine \u2013 Licati Carolina \u2013 Luneau Sylvie et Patrick &#8211; Mangnez Jean-Jacques \u2013 Marcou R\u00e9gis \u2013 Marthaler Claude \u2013 Mercier Michel \u2013 Monette Genevi\u00e8ve \u2013 Mutelet Edouard &#8211; Ni Chaoilte Una \u2013 No\u00ebl Alain \u2013 Noir\u00e9 Apolline &#8211; Nortier Isabelle \u2013 Oberl\u00e9 C\u00e9line &#8211; Og\u00e9 Nicolas \u2013 Oudy Dominique \u2013 Parisot Sophie \u2013 Penet Matthieu &#8211; Perry Elsa \u2013 Petegnief Marion \u2013 Petit Nadine \u2013 Petkova Nataliya \u2013 Pezzutto B\u00e9reng\u00e8re \u2013 Pichard Alexandra &#8211; Pierozynska Justine \u2013 Rey Elo\u00efse \u2013 Reymes Nicolas \u2013 Reve Christophe &#8211; Riand Catherine \u2013 Ribon Herv\u00e9 \u2013 Ricatte Jean-Baptiste &#8211; Rietsch Th\u00e9ophile &#8211; Rispot Sophie \u2013 Robert Marion &#8211; Rougny Jean-Marc &#8211; Rodriguez Marie \u2013 Roux S\u00e9bastien \u2013Steren Giannini &#8211; Stoppele Raymond \u2013 Thierr\u00e9e Margaux \u2013 Thomassin Alexandre \u2013 Tornatore V\u00e9ronique &#8211; Touzalin Anthony \u2013 Tr\u00e9peau Coraline \u2013 Trioux Aur\u00e9lien \u2013 Trotoux Dominique &#8211; Van Vyve Alain \u2013 Verdonck Benoit \u2013 Verrier Benjamin \u2013 Verschelde Simon &#8211;\u00a0\u00a0 Vezian Ginette &#8211; Vincent Isabel<\/p>\n<p>&nbsp;<\/p>\n","protected":false},"excerpt":{"rendered":"<p>Nos sponsors officiels Nos partenaires officiels \u00a0\u00a0 Laur\u00e9at des bourses \u00a0 Nos autres sponsors \u00a0\u00a0\u00a0\u00a0\u00a0\u00a0 Nos partenaires techniques \u00a0 Ils nous soutiennent Nos aimables contributeurs&#8230;<\/p>\n<p><a class='more-link' href='https:\/\/cinecyclo.com\/leblog\/soutiens\/'>Lire le post<span class='screen-reader-text'>Soutiens<\/span><\/a><\/p>","protected":false},"author":1,"featured_media":0,"parent":0,"menu_order":0,"comment_status":"closed","ping_status":"closed","template":"","meta":{"footnotes":""},"class_list":["post-23","page","type-page","status-publish","hentry","excerpt","zoom","even","excerpt-0"],"_links":{"self":[{"href":"https:\/\/cinecyclo.com\/leblog\/wp-json\/wp\/v2\/pages\/23","targetHints":{"allow":["GET"]}}],"collection":[{"href":"https:\/\/cinecyclo.com\/leblog\/wp-json\/wp\/v2\/pages"}],"about":[{"href":"https:\/\/cinecyclo.com\/leblog\/wp-json\/wp\/v2\/types\/page"}],"author":[{"embeddable":true,"href":"https:\/\/cinecyclo.com\/leblog\/wp-json\/wp\/v2\/users\/1"}],"replies":[{"embeddable":true,"href":"https:\/\/cinecyclo.com\/leblog\/wp-json\/wp\/v2\/comments?post=23"}],"version-history":[{"count":16,"href":"https:\/\/cinecyclo.com\/leblog\/wp-json\/wp\/v2\/pages\/23\/revisions"}],"predecessor-version":[{"id":83,"href":"https:\/\/cinecyclo.com\/leblog\/wp-json\/wp\/v2\/pages\/23\/revisions\/83"}],"wp:attachment":[{"href":"https:\/\/cinecyclo.com\/leblog\/wp-json\/wp\/v2\/media?parent=23"}],"curies":[{"name":"wp","href":"https:\/\/api.w.org\/{rel}","templated":true}]}}