{"id":2,"date":"2015-11-24T18:31:52","date_gmt":"2015-11-24T18:31:52","guid":{"rendered":"http:\/\/cinecyclo.com\/leblog\/?page_id=2"},"modified":"2017-01-22T18:44:22","modified_gmt":"2017-01-22T18:44:22","slug":"apropos","status":"publish","type":"page","link":"https:\/\/cinecyclo.com\/leblog\/apropos\/","title":{"rendered":"\u00c0 propos"},"content":{"rendered":"<p>L&rsquo;aventure Cin\u00e9cyclo a d\u00e9but\u00e9 en 2015 \u00e0 l&rsquo;initiative de <em>Vincent V\u00e9lo<\/em> (plus commun\u00e9ment appel\u00e9 Vincent Hanrion). Son envie de voyager tout en se rendant utile s&rsquo;est concr\u00e9tis\u00e9 par la r\u00e9alisation du <a href=\"http:\/\/www.cinecyclo.com\/fr\/cts2015\/\" target=\"_blank\">Cin\u00e9cyclo Tour S\u00e9n\u00e9gal<\/a>. Parti avec son cin\u00e9ma itin\u00e9rant de poche \u00e9lectriquement autonome pendant 6 mois, il a parcouru 3000kms de pistes sablonneuses s\u00e9n\u00e9galaises. Au compteur : 100 projections de films et documentaires dans plusieurs villages, d&rsquo;inoubliables rencontres et souvenirs racont\u00e9s dans ce blog.<\/p>\n<p>L&rsquo;engouement autour de <a href=\"http:\/\/www.cinecyclo.com\" target=\"_blank\">Cin\u00e9cyclo<\/a> a fait de son id\u00e9e de d\u00e9part un v\u00e9ritable projet associatif anim\u00e9 par un leitmotiv simple mais non moins puissant : voyager, partager, contribuer \u00e0 un monde meilleur, se faire plaisir. Depuis, les actions naissent et se d\u00e9veloppent; au c\u0153ur de celles-ci les <a href=\"http:\/\/www.cinecyclo.com\/fr\/philosophie\/\" target=\"_blank\">Cin\u00e9cyclo Tours<\/a> que nous entreprenons \u00e0 l&rsquo;\u00e9tranger et en France.<\/p>\n<p>Ce blog se pr\u00e9sente comme le carnet de route des exp\u00e9ditions de nos Cin\u00e9cyclistes (nos supers cyclistes-projectionnistes p\u00e9dalant lors des Cin\u00e9cyclo Tours).<\/p>\n<p>&nbsp;<\/p>\n<p>&nbsp;<\/p>\n<p>&nbsp;<\/p>\n<p>&nbsp;<\/p>\n<p>&nbsp;<\/p>\n","protected":false},"excerpt":{"rendered":"<p>L&rsquo;aventure Cin\u00e9cyclo a d\u00e9but\u00e9 en 2015 \u00e0 l&rsquo;initiative de Vincent V\u00e9lo (plus commun\u00e9ment appel\u00e9 Vincent Hanrion). Son envie de voyager tout en se rendant utile&#8230;<\/p>\n<p><a class='more-link' href='https:\/\/cinecyclo.com\/leblog\/apropos\/'>Lire le post<span class='screen-reader-text'>\u00c0 propos<\/span><\/a><\/p>","protected":false},"author":1,"featured_media":0,"parent":0,"menu_order":0,"comment_status":"closed","ping_status":"open","template":"","meta":{"footnotes":""},"class_list":["post-2","page","type-page","status-publish","hentry","excerpt","zoom","even","excerpt-0"],"_links":{"self":[{"href":"https:\/\/cinecyclo.com\/leblog\/wp-json\/wp\/v2\/pages\/2","targetHints":{"allow":["GET"]}}],"collection":[{"href":"https:\/\/cinecyclo.com\/leblog\/wp-json\/wp\/v2\/pages"}],"about":[{"href":"https:\/\/cinecyclo.com\/leblog\/wp-json\/wp\/v2\/types\/page"}],"author":[{"embeddable":true,"href":"https:\/\/cinecyclo.com\/leblog\/wp-json\/wp\/v2\/users\/1"}],"replies":[{"embeddable":true,"href":"https:\/\/cinecyclo.com\/leblog\/wp-json\/wp\/v2\/comments?post=2"}],"version-history":[{"count":6,"href":"https:\/\/cinecyclo.com\/leblog\/wp-json\/wp\/v2\/pages\/2\/revisions"}],"predecessor-version":[{"id":1094,"href":"https:\/\/cinecyclo.com\/leblog\/wp-json\/wp\/v2\/pages\/2\/revisions\/1094"}],"wp:attachment":[{"href":"https:\/\/cinecyclo.com\/leblog\/wp-json\/wp\/v2\/media?parent=2"}],"curies":[{"name":"wp","href":"https:\/\/api.w.org\/{rel}","templated":true}]}}